{"id":4554,"date":"2022-01-19T18:27:19","date_gmt":"2022-01-19T17:27:19","guid":{"rendered":"https:\/\/dimarohotel.parchotels.it\/camere\/"},"modified":"2022-01-28T10:47:48","modified_gmt":"2022-01-28T09:47:48","slug":"zimmer","status":"publish","type":"page","link":"https:\/\/dimarohotel.parchotels.it\/de\/zimmer\/","title":{"rendered":"Zimmer"},"content":{"rendered":"\n<p>W\u00e4hlen Sie zwischen unseren verschiedenen Zimmern f\u00fcr einen perfekten Urlaub. Unsere Hotelzimmer sind komfortabel und gem\u00fctlich, um besser Ihren Urlaub im Val di Sole zu F\u00fc\u00dfen der Dolomiten zu genie\u00dfen.<\/p>\n","protected":false},"excerpt":{"rendered":"<p>W\u00e4hlen Sie zwischen unseren verschiedenen Zimmern f\u00fcr einen perfekten Urlaub. Unsere Hotelzimmer sind komfortabel und gem\u00fctlich, um besser Ihren Urlaub im Val di Sole zu F\u00fc\u00dfen der Dolomiten zu genie\u00dfen.<\/p>\n","protected":false},"author":1,"featured_media":0,"parent":0,"menu_order":0,"comment_status":"closed","ping_status":"closed","template":"page-camere.php","meta":{"_acf_changed":false,"footnotes":""},"class_list":["post-4554","page","type-page","status-publish","hentry"],"acf":[],"yoast_head":"<!-- This site is optimized with the Yoast SEO plugin v18.0 - https:\/\/yoast.com\/wordpress\/plugins\/seo\/ -->\n<title>Zimmer - Albergo Dimaro, Val di Sole<\/title>\n<meta name=\"description\" content=\"Hotel f\u00fcr Familien im Val di Sole mit bequemen Zimmern, um Ihren Bergurlaub bestens zu geniessen. Mehr auf der Webseite entdecken.\" \/>\n<meta name=\"robots\" content=\"index, follow, max-snippet:-1, max-image-preview:large, max-video-preview:-1\" \/>\n<link rel=\"canonical\" href=\"https:\/\/dimarohotel.parchotels.it\/de\/zimmer\/\" \/>\n<meta property=\"og:locale\" content=\"de_DE\" \/>\n<meta property=\"og:type\" content=\"article\" \/>\n<meta property=\"og:title\" content=\"Zimmer - Albergo Dimaro, Val di Sole\" \/>\n<meta property=\"og:description\" content=\"Hotel f\u00fcr Familien im Val di Sole mit bequemen Zimmern, um Ihren Bergurlaub bestens zu geniessen. Mehr auf der Webseite entdecken.\" \/>\n<meta property=\"og:url\" content=\"https:\/\/dimarohotel.parchotels.it\/de\/zimmer\/\" \/>\n<meta property=\"og:site_name\" content=\"dimarohotel\" \/>\n<meta property=\"article:modified_time\" content=\"2022-01-28T09:47:48+00:00\" \/>\n<meta name=\"twitter:card\" content=\"summary_large_image\" \/>\n<meta name=\"twitter:label1\" content=\"Gesch\u00e4tzte Lesezeit\" \/>\n\t<meta name=\"twitter:data1\" content=\"1\u00a0Minute\" \/>\n<script type=\"application\/ld+json\" class=\"yoast-schema-graph\">{\"@context\":\"https:\/\/schema.org\",\"@graph\":[{\"@type\":\"WebSite\",\"@id\":\"https:\/\/dimarohotel.parchotels.it\/#website\",\"url\":\"https:\/\/dimarohotel.parchotels.it\/\",\"name\":\"dimarohotel\",\"description\":\"Un nuovo sito targato WordPress\",\"potentialAction\":[{\"@type\":\"SearchAction\",\"target\":{\"@type\":\"EntryPoint\",\"urlTemplate\":\"https:\/\/dimarohotel.parchotels.it\/?s={search_term_string}\"},\"query-input\":\"required name=search_term_string\"}],\"inLanguage\":\"de\"},{\"@type\":\"WebPage\",\"@id\":\"https:\/\/dimarohotel.parchotels.it\/de\/zimmer\/#webpage\",\"url\":\"https:\/\/dimarohotel.parchotels.it\/de\/zimmer\/\",\"name\":\"Zimmer - Albergo Dimaro, Val di Sole\",\"isPartOf\":{\"@id\":\"https:\/\/dimarohotel.parchotels.it\/#website\"},\"datePublished\":\"2022-01-19T17:27:19+00:00\",\"dateModified\":\"2022-01-28T09:47:48+00:00\",\"description\":\"Hotel f\u00fcr Familien im Val di Sole mit bequemen Zimmern, um Ihren Bergurlaub bestens zu geniessen. Mehr auf der Webseite entdecken.\",\"breadcrumb\":{\"@id\":\"https:\/\/dimarohotel.parchotels.it\/de\/zimmer\/#breadcrumb\"},\"inLanguage\":\"de\",\"potentialAction\":[{\"@type\":\"ReadAction\",\"target\":[\"https:\/\/dimarohotel.parchotels.it\/de\/zimmer\/\"]}]},{\"@type\":\"BreadcrumbList\",\"@id\":\"https:\/\/dimarohotel.parchotels.it\/de\/zimmer\/#breadcrumb\",\"itemListElement\":[{\"@type\":\"ListItem\",\"position\":1,\"name\":\"Home\",\"item\":\"https:\/\/dimarohotel.parchotels.it\/de\/\"},{\"@type\":\"ListItem\",\"position\":2,\"name\":\"Zimmer\"}]}]}<\/script>\n<!-- \/ Yoast SEO plugin. -->","yoast_head_json":{"title":"Zimmer - Albergo Dimaro, Val di Sole","description":"Hotel f\u00fcr Familien im Val di Sole mit bequemen Zimmern, um Ihren Bergurlaub bestens zu geniessen. Mehr auf der Webseite entdecken.","robots":{"index":"index","follow":"follow","max-snippet":"max-snippet:-1","max-image-preview":"max-image-preview:large","max-video-preview":"max-video-preview:-1"},"canonical":"https:\/\/dimarohotel.parchotels.it\/de\/zimmer\/","og_locale":"de_DE","og_type":"article","og_title":"Zimmer - Albergo Dimaro, Val di Sole","og_description":"Hotel f\u00fcr Familien im Val di Sole mit bequemen Zimmern, um Ihren Bergurlaub bestens zu geniessen. Mehr auf der Webseite entdecken.","og_url":"https:\/\/dimarohotel.parchotels.it\/de\/zimmer\/","og_site_name":"dimarohotel","article_modified_time":"2022-01-28T09:47:48+00:00","twitter_card":"summary_large_image","twitter_misc":{"Gesch\u00e4tzte Lesezeit":"1\u00a0Minute"},"schema":{"@context":"https:\/\/schema.org","@graph":[{"@type":"WebSite","@id":"https:\/\/dimarohotel.parchotels.it\/#website","url":"https:\/\/dimarohotel.parchotels.it\/","name":"dimarohotel","description":"Un nuovo sito targato WordPress","potentialAction":[{"@type":"SearchAction","target":{"@type":"EntryPoint","urlTemplate":"https:\/\/dimarohotel.parchotels.it\/?s={search_term_string}"},"query-input":"required name=search_term_string"}],"inLanguage":"de"},{"@type":"WebPage","@id":"https:\/\/dimarohotel.parchotels.it\/de\/zimmer\/#webpage","url":"https:\/\/dimarohotel.parchotels.it\/de\/zimmer\/","name":"Zimmer - Albergo Dimaro, Val di Sole","isPartOf":{"@id":"https:\/\/dimarohotel.parchotels.it\/#website"},"datePublished":"2022-01-19T17:27:19+00:00","dateModified":"2022-01-28T09:47:48+00:00","description":"Hotel f\u00fcr Familien im Val di Sole mit bequemen Zimmern, um Ihren Bergurlaub bestens zu geniessen. Mehr auf der Webseite entdecken.","breadcrumb":{"@id":"https:\/\/dimarohotel.parchotels.it\/de\/zimmer\/#breadcrumb"},"inLanguage":"de","potentialAction":[{"@type":"ReadAction","target":["https:\/\/dimarohotel.parchotels.it\/de\/zimmer\/"]}]},{"@type":"BreadcrumbList","@id":"https:\/\/dimarohotel.parchotels.it\/de\/zimmer\/#breadcrumb","itemListElement":[{"@type":"ListItem","position":1,"name":"Home","item":"https:\/\/dimarohotel.parchotels.it\/de\/"},{"@type":"ListItem","position":2,"name":"Zimmer"}]}]}},"_links":{"self":[{"href":"https:\/\/dimarohotel.parchotels.it\/de\/wp-json\/wp\/v2\/pages\/4554","targetHints":{"allow":["GET"]}}],"collection":[{"href":"https:\/\/dimarohotel.parchotels.it\/de\/wp-json\/wp\/v2\/pages"}],"about":[{"href":"https:\/\/dimarohotel.parchotels.it\/de\/wp-json\/wp\/v2\/types\/page"}],"author":[{"embeddable":true,"href":"https:\/\/dimarohotel.parchotels.it\/de\/wp-json\/wp\/v2\/users\/1"}],"replies":[{"embeddable":true,"href":"https:\/\/dimarohotel.parchotels.it\/de\/wp-json\/wp\/v2\/comments?post=4554"}],"version-history":[{"count":4,"href":"https:\/\/dimarohotel.parchotels.it\/de\/wp-json\/wp\/v2\/pages\/4554\/revisions"}],"predecessor-version":[{"id":5701,"href":"https:\/\/dimarohotel.parchotels.it\/de\/wp-json\/wp\/v2\/pages\/4554\/revisions\/5701"}],"wp:attachment":[{"href":"https:\/\/dimarohotel.parchotels.it\/de\/wp-json\/wp\/v2\/media?parent=4554"}],"curies":[{"name":"wp","href":"https:\/\/api.w.org\/{rel}","templated":true}]}}