{"id":4579,"date":"2022-01-19T18:31:29","date_gmt":"2022-01-19T17:31:29","guid":{"rendered":"https:\/\/dimarohotel.parchotels.it\/il-tuo-relax-in-famiglia-in-val-di-sole\/"},"modified":"2022-01-28T14:16:44","modified_gmt":"2022-01-28T13:16:44","slug":"il-tuo-relax-in-famiglia-in-val-di-sole","status":"publish","type":"page","link":"https:\/\/dimarohotel.parchotels.it\/de\/","title":{"rendered":"Entspannung mit <br> der Familie im Val di Sole"},"content":{"rendered":"\n<p>Das Hotel Dimaro befindet sich im Zentrum von Dimaro, in einem der sch\u00f6nsten T\u00e4ler in Trentino: das Val di Sole. Es ist mit voller Hingabe von der Familie Ramponi bewirtschaftet und <strong>ist ideal f\u00fcr Ihren Familienurlaub<\/strong>. Es gibt viele Leistungen, die f\u00fcr die Kinder geeignet sind: Animation, Spielplatz, Miniclub, Spielsaal. W\u00e4hrend sie Spa\u00df haben, k\u00f6nnen Sie sich im Wellnesszentrum entspannen oder die zahlreichen Strecken in der N\u00e4he des Hotels entdecken.<\/p>\n","protected":false},"excerpt":{"rendered":"<p>Das Hotel Dimaro befindet sich im Zentrum von Dimaro, in einem der sch\u00f6nsten T\u00e4ler in Trentino: das Val di Sole. Es ist mit voller Hingabe von der Familie Ramponi bewirtschaftet und ist ideal f\u00fcr Ihren Familienurlaub. Es gibt viele Leistungen, die f\u00fcr die Kinder geeignet sind: Animation, Spielplatz, Miniclub, Spielsaal. W\u00e4hrend sie Spa\u00df haben, k\u00f6nnen [&hellip;]<\/p>\n","protected":false},"author":1,"featured_media":432,"parent":0,"menu_order":0,"comment_status":"closed","ping_status":"open","template":"front-page.php","meta":{"_acf_changed":false,"footnotes":""},"class_list":["post-4579","page","type-page","status-publish","has-post-thumbnail","hentry"],"acf":[],"yoast_head":"<!-- This site is optimized with the Yoast SEO plugin v18.0 - https:\/\/yoast.com\/wordpress\/plugins\/seo\/ -->\n<title>Albergo Dimaro \u2013 Familienhotel mit Wellness im Val di Sole<\/title>\n<meta name=\"description\" content=\"Albergo Dimaro, 3-Sterne Superior im Val di Sole mit Leistungen f\u00fcr Familien, Zimmern, Wohnungen, Wellnesszentrum. Jetzt buchen.\" \/>\n<meta name=\"robots\" content=\"index, follow, max-snippet:-1, max-image-preview:large, max-video-preview:-1\" \/>\n<link rel=\"canonical\" href=\"https:\/\/dimarohotel.parchotels.it\/de\/\" \/>\n<meta property=\"og:locale\" content=\"de_DE\" \/>\n<meta property=\"og:type\" content=\"article\" \/>\n<meta property=\"og:title\" content=\"Albergo Dimaro \u2013 Familienhotel mit Wellness im Val di Sole\" \/>\n<meta property=\"og:description\" content=\"Albergo Dimaro, 3-Sterne Superior im Val di Sole mit Leistungen f\u00fcr Familien, Zimmern, Wohnungen, Wellnesszentrum. Jetzt buchen.\" \/>\n<meta property=\"og:url\" content=\"https:\/\/dimarohotel.parchotels.it\/de\/\" \/>\n<meta property=\"og:site_name\" content=\"dimarohotel\" \/>\n<meta property=\"article:modified_time\" content=\"2022-01-28T13:16:44+00:00\" \/>\n<meta property=\"og:image\" content=\"https:\/\/dimarohotel.parchotels.it\/wp-content\/uploads\/2021\/12\/11-1.jpg\" \/>\n\t<meta property=\"og:image:width\" content=\"1900\" \/>\n\t<meta property=\"og:image:height\" content=\"1264\" \/>\n\t<meta property=\"og:image:type\" content=\"image\/jpeg\" \/>\n<meta name=\"twitter:card\" content=\"summary_large_image\" \/>\n<meta name=\"twitter:label1\" content=\"Gesch\u00e4tzte Lesezeit\" \/>\n\t<meta name=\"twitter:data1\" content=\"1\u00a0Minute\" \/>\n<script type=\"application\/ld+json\" class=\"yoast-schema-graph\">{\"@context\":\"https:\/\/schema.org\",\"@graph\":[{\"@type\":\"WebSite\",\"@id\":\"https:\/\/dimarohotel.parchotels.it\/#website\",\"url\":\"https:\/\/dimarohotel.parchotels.it\/\",\"name\":\"dimarohotel\",\"description\":\"Un nuovo sito targato WordPress\",\"potentialAction\":[{\"@type\":\"SearchAction\",\"target\":{\"@type\":\"EntryPoint\",\"urlTemplate\":\"https:\/\/dimarohotel.parchotels.it\/?s={search_term_string}\"},\"query-input\":\"required name=search_term_string\"}],\"inLanguage\":\"de\"},{\"@type\":\"ImageObject\",\"@id\":\"https:\/\/dimarohotel.parchotels.it\/de\/#primaryimage\",\"inLanguage\":\"de\",\"url\":\"https:\/\/dimarohotel.parchotels.it\/wp-content\/uploads\/2021\/12\/11-1.jpg\",\"contentUrl\":\"https:\/\/dimarohotel.parchotels.it\/wp-content\/uploads\/2021\/12\/11-1.jpg\",\"width\":1900,\"height\":1264},{\"@type\":\"WebPage\",\"@id\":\"https:\/\/dimarohotel.parchotels.it\/de\/#webpage\",\"url\":\"https:\/\/dimarohotel.parchotels.it\/de\/\",\"name\":\"Albergo Dimaro \u2013 Familienhotel mit Wellness im Val di Sole\",\"isPartOf\":{\"@id\":\"https:\/\/dimarohotel.parchotels.it\/#website\"},\"primaryImageOfPage\":{\"@id\":\"https:\/\/dimarohotel.parchotels.it\/de\/#primaryimage\"},\"datePublished\":\"2022-01-19T17:31:29+00:00\",\"dateModified\":\"2022-01-28T13:16:44+00:00\",\"description\":\"Albergo Dimaro, 3-Sterne Superior im Val di Sole mit Leistungen f\u00fcr Familien, Zimmern, Wohnungen, Wellnesszentrum. Jetzt buchen.\",\"breadcrumb\":{\"@id\":\"https:\/\/dimarohotel.parchotels.it\/de\/#breadcrumb\"},\"inLanguage\":\"de\",\"potentialAction\":[{\"@type\":\"ReadAction\",\"target\":[\"https:\/\/dimarohotel.parchotels.it\/de\/\"]}]},{\"@type\":\"BreadcrumbList\",\"@id\":\"https:\/\/dimarohotel.parchotels.it\/de\/#breadcrumb\",\"itemListElement\":[{\"@type\":\"ListItem\",\"position\":1,\"name\":\"Home\",\"item\":\"https:\/\/dimarohotel.parchotels.it\/de\/\"},{\"@type\":\"ListItem\",\"position\":2,\"name\":\"Entspannung mit der Familie im Val di Sole\"}]}]}<\/script>\n<!-- \/ Yoast SEO plugin. -->","yoast_head_json":{"title":"Albergo Dimaro \u2013 Familienhotel mit Wellness im Val di Sole","description":"Albergo Dimaro, 3-Sterne Superior im Val di Sole mit Leistungen f\u00fcr Familien, Zimmern, Wohnungen, Wellnesszentrum. Jetzt buchen.","robots":{"index":"index","follow":"follow","max-snippet":"max-snippet:-1","max-image-preview":"max-image-preview:large","max-video-preview":"max-video-preview:-1"},"canonical":"https:\/\/dimarohotel.parchotels.it\/de\/","og_locale":"de_DE","og_type":"article","og_title":"Albergo Dimaro \u2013 Familienhotel mit Wellness im Val di Sole","og_description":"Albergo Dimaro, 3-Sterne Superior im Val di Sole mit Leistungen f\u00fcr Familien, Zimmern, Wohnungen, Wellnesszentrum. Jetzt buchen.","og_url":"https:\/\/dimarohotel.parchotels.it\/de\/","og_site_name":"dimarohotel","article_modified_time":"2022-01-28T13:16:44+00:00","og_image":[{"width":1900,"height":1264,"url":"https:\/\/dimarohotel.parchotels.it\/wp-content\/uploads\/2021\/12\/11-1.jpg","type":"image\/jpeg"}],"twitter_card":"summary_large_image","twitter_misc":{"Gesch\u00e4tzte Lesezeit":"1\u00a0Minute"},"schema":{"@context":"https:\/\/schema.org","@graph":[{"@type":"WebSite","@id":"https:\/\/dimarohotel.parchotels.it\/#website","url":"https:\/\/dimarohotel.parchotels.it\/","name":"dimarohotel","description":"Un nuovo sito targato WordPress","potentialAction":[{"@type":"SearchAction","target":{"@type":"EntryPoint","urlTemplate":"https:\/\/dimarohotel.parchotels.it\/?s={search_term_string}"},"query-input":"required name=search_term_string"}],"inLanguage":"de"},{"@type":"ImageObject","@id":"https:\/\/dimarohotel.parchotels.it\/de\/#primaryimage","inLanguage":"de","url":"https:\/\/dimarohotel.parchotels.it\/wp-content\/uploads\/2021\/12\/11-1.jpg","contentUrl":"https:\/\/dimarohotel.parchotels.it\/wp-content\/uploads\/2021\/12\/11-1.jpg","width":1900,"height":1264},{"@type":"WebPage","@id":"https:\/\/dimarohotel.parchotels.it\/de\/#webpage","url":"https:\/\/dimarohotel.parchotels.it\/de\/","name":"Albergo Dimaro \u2013 Familienhotel mit Wellness im Val di Sole","isPartOf":{"@id":"https:\/\/dimarohotel.parchotels.it\/#website"},"primaryImageOfPage":{"@id":"https:\/\/dimarohotel.parchotels.it\/de\/#primaryimage"},"datePublished":"2022-01-19T17:31:29+00:00","dateModified":"2022-01-28T13:16:44+00:00","description":"Albergo Dimaro, 3-Sterne Superior im Val di Sole mit Leistungen f\u00fcr Familien, Zimmern, Wohnungen, Wellnesszentrum. Jetzt buchen.","breadcrumb":{"@id":"https:\/\/dimarohotel.parchotels.it\/de\/#breadcrumb"},"inLanguage":"de","potentialAction":[{"@type":"ReadAction","target":["https:\/\/dimarohotel.parchotels.it\/de\/"]}]},{"@type":"BreadcrumbList","@id":"https:\/\/dimarohotel.parchotels.it\/de\/#breadcrumb","itemListElement":[{"@type":"ListItem","position":1,"name":"Home","item":"https:\/\/dimarohotel.parchotels.it\/de\/"},{"@type":"ListItem","position":2,"name":"Entspannung mit der Familie im Val di Sole"}]}]}},"_links":{"self":[{"href":"https:\/\/dimarohotel.parchotels.it\/de\/wp-json\/wp\/v2\/pages\/4579","targetHints":{"allow":["GET"]}}],"collection":[{"href":"https:\/\/dimarohotel.parchotels.it\/de\/wp-json\/wp\/v2\/pages"}],"about":[{"href":"https:\/\/dimarohotel.parchotels.it\/de\/wp-json\/wp\/v2\/types\/page"}],"author":[{"embeddable":true,"href":"https:\/\/dimarohotel.parchotels.it\/de\/wp-json\/wp\/v2\/users\/1"}],"replies":[{"embeddable":true,"href":"https:\/\/dimarohotel.parchotels.it\/de\/wp-json\/wp\/v2\/comments?post=4579"}],"version-history":[{"count":21,"href":"https:\/\/dimarohotel.parchotels.it\/de\/wp-json\/wp\/v2\/pages\/4579\/revisions"}],"predecessor-version":[{"id":5832,"href":"https:\/\/dimarohotel.parchotels.it\/de\/wp-json\/wp\/v2\/pages\/4579\/revisions\/5832"}],"wp:featuredmedia":[{"embeddable":true,"href":"https:\/\/dimarohotel.parchotels.it\/de\/wp-json\/wp\/v2\/media\/432"}],"wp:attachment":[{"href":"https:\/\/dimarohotel.parchotels.it\/de\/wp-json\/wp\/v2\/media?parent=4579"}],"curies":[{"name":"wp","href":"https:\/\/api.w.org\/{rel}","templated":true}]}}