{"id":4584,"date":"2022-01-19T18:32:08","date_gmt":"2022-01-19T17:32:08","guid":{"rendered":"https:\/\/dimarohotel.parchotels.it\/offerte\/"},"modified":"2022-01-28T14:35:25","modified_gmt":"2022-01-28T13:35:25","slug":"angebote","status":"publish","type":"page","link":"https:\/\/dimarohotel.parchotels.it\/de\/angebote\/","title":{"rendered":"Angebote"},"content":{"rendered":"","protected":false},"excerpt":{"rendered":"","protected":false},"author":1,"featured_media":0,"parent":0,"menu_order":0,"comment_status":"closed","ping_status":"closed","template":"page-offerte.php","meta":{"_acf_changed":false,"footnotes":""},"class_list":["post-4584","page","type-page","status-publish","hentry"],"acf":[],"yoast_head":"<!-- This site is optimized with the Yoast SEO plugin v18.0 - https:\/\/yoast.com\/wordpress\/plugins\/seo\/ -->\n<title>Angebote - Hotel Dimaro, Val di Sole<\/title>\n<meta name=\"description\" content=\"Angebote f\u00fcr Ihren Urlaub in Trentino: das Hotel Dimaro, Familienhotel im Val di Sole, schl\u00e4gt Ihnen g\u00fcnstige Angebote an. Mehr entdecken.\" \/>\n<meta name=\"robots\" content=\"index, follow, max-snippet:-1, max-image-preview:large, max-video-preview:-1\" \/>\n<link rel=\"canonical\" href=\"https:\/\/dimarohotel.parchotels.it\/de\/angebote\/\" \/>\n<meta property=\"og:locale\" content=\"de_DE\" \/>\n<meta property=\"og:type\" content=\"article\" \/>\n<meta property=\"og:title\" content=\"Angebote - Hotel Dimaro, Val di Sole\" \/>\n<meta property=\"og:description\" content=\"Angebote f\u00fcr Ihren Urlaub in Trentino: das Hotel Dimaro, Familienhotel im Val di Sole, schl\u00e4gt Ihnen g\u00fcnstige Angebote an. Mehr entdecken.\" \/>\n<meta property=\"og:url\" content=\"https:\/\/dimarohotel.parchotels.it\/de\/angebote\/\" \/>\n<meta property=\"og:site_name\" content=\"dimarohotel\" \/>\n<meta property=\"article:modified_time\" content=\"2022-01-28T13:35:25+00:00\" \/>\n<meta name=\"twitter:card\" content=\"summary_large_image\" \/>\n<script type=\"application\/ld+json\" class=\"yoast-schema-graph\">{\"@context\":\"https:\/\/schema.org\",\"@graph\":[{\"@type\":\"WebSite\",\"@id\":\"https:\/\/dimarohotel.parchotels.it\/#website\",\"url\":\"https:\/\/dimarohotel.parchotels.it\/\",\"name\":\"dimarohotel\",\"description\":\"Un nuovo sito targato WordPress\",\"potentialAction\":[{\"@type\":\"SearchAction\",\"target\":{\"@type\":\"EntryPoint\",\"urlTemplate\":\"https:\/\/dimarohotel.parchotels.it\/?s={search_term_string}\"},\"query-input\":\"required name=search_term_string\"}],\"inLanguage\":\"de\"},{\"@type\":\"WebPage\",\"@id\":\"https:\/\/dimarohotel.parchotels.it\/de\/angebote\/#webpage\",\"url\":\"https:\/\/dimarohotel.parchotels.it\/de\/angebote\/\",\"name\":\"Angebote - Hotel Dimaro, Val di Sole\",\"isPartOf\":{\"@id\":\"https:\/\/dimarohotel.parchotels.it\/#website\"},\"datePublished\":\"2022-01-19T17:32:08+00:00\",\"dateModified\":\"2022-01-28T13:35:25+00:00\",\"description\":\"Angebote f\u00fcr Ihren Urlaub in Trentino: das Hotel Dimaro, Familienhotel im Val di Sole, schl\u00e4gt Ihnen g\u00fcnstige Angebote an. Mehr entdecken.\",\"breadcrumb\":{\"@id\":\"https:\/\/dimarohotel.parchotels.it\/de\/angebote\/#breadcrumb\"},\"inLanguage\":\"de\",\"potentialAction\":[{\"@type\":\"ReadAction\",\"target\":[\"https:\/\/dimarohotel.parchotels.it\/de\/angebote\/\"]}]},{\"@type\":\"BreadcrumbList\",\"@id\":\"https:\/\/dimarohotel.parchotels.it\/de\/angebote\/#breadcrumb\",\"itemListElement\":[{\"@type\":\"ListItem\",\"position\":1,\"name\":\"Home\",\"item\":\"https:\/\/dimarohotel.parchotels.it\/de\/\"},{\"@type\":\"ListItem\",\"position\":2,\"name\":\"Angebote\"}]}]}<\/script>\n<!-- \/ Yoast SEO plugin. -->","yoast_head_json":{"title":"Angebote - Hotel Dimaro, Val di Sole","description":"Angebote f\u00fcr Ihren Urlaub in Trentino: das Hotel Dimaro, Familienhotel im Val di Sole, schl\u00e4gt Ihnen g\u00fcnstige Angebote an. Mehr entdecken.","robots":{"index":"index","follow":"follow","max-snippet":"max-snippet:-1","max-image-preview":"max-image-preview:large","max-video-preview":"max-video-preview:-1"},"canonical":"https:\/\/dimarohotel.parchotels.it\/de\/angebote\/","og_locale":"de_DE","og_type":"article","og_title":"Angebote - Hotel Dimaro, Val di Sole","og_description":"Angebote f\u00fcr Ihren Urlaub in Trentino: das Hotel Dimaro, Familienhotel im Val di Sole, schl\u00e4gt Ihnen g\u00fcnstige Angebote an. Mehr entdecken.","og_url":"https:\/\/dimarohotel.parchotels.it\/de\/angebote\/","og_site_name":"dimarohotel","article_modified_time":"2022-01-28T13:35:25+00:00","twitter_card":"summary_large_image","schema":{"@context":"https:\/\/schema.org","@graph":[{"@type":"WebSite","@id":"https:\/\/dimarohotel.parchotels.it\/#website","url":"https:\/\/dimarohotel.parchotels.it\/","name":"dimarohotel","description":"Un nuovo sito targato WordPress","potentialAction":[{"@type":"SearchAction","target":{"@type":"EntryPoint","urlTemplate":"https:\/\/dimarohotel.parchotels.it\/?s={search_term_string}"},"query-input":"required name=search_term_string"}],"inLanguage":"de"},{"@type":"WebPage","@id":"https:\/\/dimarohotel.parchotels.it\/de\/angebote\/#webpage","url":"https:\/\/dimarohotel.parchotels.it\/de\/angebote\/","name":"Angebote - Hotel Dimaro, Val di Sole","isPartOf":{"@id":"https:\/\/dimarohotel.parchotels.it\/#website"},"datePublished":"2022-01-19T17:32:08+00:00","dateModified":"2022-01-28T13:35:25+00:00","description":"Angebote f\u00fcr Ihren Urlaub in Trentino: das Hotel Dimaro, Familienhotel im Val di Sole, schl\u00e4gt Ihnen g\u00fcnstige Angebote an. Mehr entdecken.","breadcrumb":{"@id":"https:\/\/dimarohotel.parchotels.it\/de\/angebote\/#breadcrumb"},"inLanguage":"de","potentialAction":[{"@type":"ReadAction","target":["https:\/\/dimarohotel.parchotels.it\/de\/angebote\/"]}]},{"@type":"BreadcrumbList","@id":"https:\/\/dimarohotel.parchotels.it\/de\/angebote\/#breadcrumb","itemListElement":[{"@type":"ListItem","position":1,"name":"Home","item":"https:\/\/dimarohotel.parchotels.it\/de\/"},{"@type":"ListItem","position":2,"name":"Angebote"}]}]}},"_links":{"self":[{"href":"https:\/\/dimarohotel.parchotels.it\/de\/wp-json\/wp\/v2\/pages\/4584","targetHints":{"allow":["GET"]}}],"collection":[{"href":"https:\/\/dimarohotel.parchotels.it\/de\/wp-json\/wp\/v2\/pages"}],"about":[{"href":"https:\/\/dimarohotel.parchotels.it\/de\/wp-json\/wp\/v2\/types\/page"}],"author":[{"embeddable":true,"href":"https:\/\/dimarohotel.parchotels.it\/de\/wp-json\/wp\/v2\/users\/1"}],"replies":[{"embeddable":true,"href":"https:\/\/dimarohotel.parchotels.it\/de\/wp-json\/wp\/v2\/comments?post=4584"}],"version-history":[{"count":2,"href":"https:\/\/dimarohotel.parchotels.it\/de\/wp-json\/wp\/v2\/pages\/4584\/revisions"}],"predecessor-version":[{"id":5836,"href":"https:\/\/dimarohotel.parchotels.it\/de\/wp-json\/wp\/v2\/pages\/4584\/revisions\/5836"}],"wp:attachment":[{"href":"https:\/\/dimarohotel.parchotels.it\/de\/wp-json\/wp\/v2\/media?parent=4584"}],"curies":[{"name":"wp","href":"https:\/\/api.w.org\/{rel}","templated":true}]}}