{"id":5917,"date":"2022-01-28T18:48:00","date_gmt":"2022-01-28T17:48:00","guid":{"rendered":"https:\/\/dimarohotel.parchotels.it\/?page_id=5917"},"modified":"2022-01-28T19:18:11","modified_gmt":"2022-01-28T18:18:11","slug":"verkaufspolitik","status":"publish","type":"page","link":"https:\/\/dimarohotel.parchotels.it\/de\/verkaufspolitik\/","title":{"rendered":"Verkaufspolitik"},"content":{"rendered":"\n<p>GESCH\u00c4FTSPOLITIK<\/p>\n\n\n\n<p>1 ANZAHLUNG\/GARANTIE<\/p>\n\n\n\n<p>Bei der Buchungsbest\u04d3tigung werden von PARC HOTELS ITALIA keine aufladbaren Kreditkarten akzeptiert, sondern :<\/p>\n\n\n\n<ul class=\"wp-block-list\"><li>Eine Bank\u00fcberweisung innerhalb von 10 Tagen nach Buchung im Wert der ersten Nacht des Aufenthalts<\/li><\/ul>\n\n\n\n<p>ODER<\/p>\n\n\n\n<ul class=\"wp-block-list\"><li>Die Daten einer Kreditkarte (es wird nochmals darauf aufmerksam gemacht, dass aufladbare Karten nicht akzeptiert werden). Parc Hotels Italia \u03cbberpr\u03cbft im Rahmen einer Erm\u00e4chtigung die Echtheit der als Garantie angegebenen Karte; sollte sich diese als ung\u03cbltig erweisen und vom Kunden keinerlei Alternative in Form einer anderen Kreditkarte geliefert werden, wird die Reservierung storniert, ausser der Kunde entscheidet sich f\u03cbr eine Bank\u03cbberweisung.<\/li><\/ul>\n\n\n\n<p>2 STORNIERUNG, NICHTERSCHEINEN UND VORZEITIGE ABREISE<\/p>\n\n\n\n<p>Um eine Reservierung zu \u00e4ndern oder zu stornieren, kontaktieren Sie uns vor Ankunft auf folgende Weise: per E-Mail-Nachricht an <a href=\"mailto:garda@parchotels.it\">garda@parchotels.it<\/a> oder mit Fax an +390365954447.<\/p>\n\n\n\n<p><strong>Kostenlose Stornierung m\u00f6glich bis 3 Tage bevor Anreise<\/strong>.<\/p>\n\n\n\n<p>Bei versp\u00e4teter Stornierung wird 50% des Gesamtbetrages in Rechnung gestellt.<\/p>\n\n\n\n<p>Bei Nicht-Anreise (No-Show) den ganzen Betrag der Buchung wird gerechnet. Im Fall von versp\u00e4teter Anreise oder einer vorzeitigen Abreise wird 50% des Gesamtbetrages der nicht genutzten \u00dcbernachtungen in Rechnung gestellt.<\/p>\n\n\n\n<p>REISER\u00dcCKTRITTVERSICHERUNG<\/p>\n\n\n\n<p>Im Falle einer Stornierung, versp\u00e4teten Ankunft oder vorzeitiger Abreise wird eine Strafgeb\u00fchr erhoben. Seien Sie vorsichtig mit diesen Ereignissen und f\u00fcgen Sie Ihrer Buchung eine Reiseversicherung hinzu. Berechnen Sie die Pr\u00e4mie und machen Sie die&nbsp;Versicherungspolice: https:\/\/www.care4uhotel.com\/de<\/p>\n\n\n\n<p>3 VORAUSZAHLUNG\/NICHT R\u00dcCKERSTATTBAR<\/p>\n\n\n\n<p>Wenn dieser Spezialtarif gebucht wird, wird der Gesamtbetrag von der Kreditkarte abgebucht oder eine Bank\u00fcberweisung verlangt, die innerhalb von 10 Tagen nach der Buchung erfolgen muss, andernfalls wird die Reservierung storniert.<\/p>\n\n\n\n<p>4 BEZAHLUNG IM HOTEL UND CHECK OUT<\/p>\n\n\n\n<p>FUER KREDITKARTENINHABER (keine aufladbaren\/prepaid Karten)<\/p>\n\n\n\n<p>Dank einer mit CartaSI unterschriebenen Vereinbarung fuer den Service \u201cPriority check out service and delayed charge\u201d &nbsp;wird beim Check-in &nbsp;um Ihre Zustimmung ersucht, alle eventuellen Extrakosten, sowohl die des Karteninhabers, als auch dessen Begleiters, von der Kreditkarte abzubuchen. Die Bonit\u00e4t wird &nbsp;\u00fcberpr\u00fcft, indem der gesamte Rechnungsbetrag des Aufenthalts vor-autorisiert wird, diese Operation erfolgt &nbsp;7 Tage vor dem Anreisetag oder am Anreisetag f\u00fcr Passanten &nbsp;ohne Reservierung.<\/p>\n\n\n\n<p>Sollte der Gast &nbsp;der Serviceleistung \u201cPriority check out service and delayed\u201d nicht zustimmen, muss die Zimmerrechnung direkt beim Einchecken beglichen werden bzw. alle Zusatzleistungen (z.B. Getr\u00e4nke, Mahlzeiten, Sch\u00f6nheitsbehandlungen usw.) m\u00fcssen sofort bei Anspruchnahme bezahlt d.h. k\u00f6nnen nicht auf die Zimmerrechnung gesetzt werden.<\/p>\n\n\n\n<p>F\u00dcR INHABER VON AUFLADBAREN\/PREPAID KREDITKARTEN ODER DIEJENIGEN DIE KEINE KREDITKARTE HABEN<\/p>\n\n\n\n<p>Diejenigen, die \u00fcber keine Kreditkarte bzw. nur \u00fcber aufladbare Karten verf\u00fcgen, werden bei Ankunft um die Bezahlung des gesamten Aufenthaltsbetrages ersucht und alle Extrakosten m\u00fcssen direkt bar vor Ort bezahlt werden, ohne M\u00f6glichkeit, die Konsumationen auf die Hotelrechnung setzen zu k\u00f6nnen.<\/p>\n\n\n\n<p>Als Alternative zur Barbezahlung bietet Parc Hotels Italia die M\u00f6glichkeit, die Begleichung des Aufenthalts mittels Bank\u00fcberweisung zu t\u00e4tigen, der Betrag sollte sp\u00e4testens 3 Tage vor dem geplanten Anreisetermin eingehen.<\/p>\n\n\n\n<p>Extras werden direkt im Hotel beim Check-out mit Kreditkarte oder bar bezahlt.<\/p>\n\n\n\n<p>5 KURTAXE<\/p>\n\n\n\n<p>Diese ist nicht im Hotelpreis inbegriffen und muss direkt vor Ort in bar beglichen werden, mit Ausnahme von der Gemeinde vorgesehenen.<\/p>\n\n\n\n<p>6 SCH\u00c4DEN<\/p>\n\n\n\n<p>PARC HOTELS ITALIA lehnt jegliche Verantwortung f\u00fcr jeden direkten oder indirekten Schaden ab, der die Kunden treffen kann, wie Verlust oder Diebstahl von Sachgegenst\u00e4nden, Krankheit oder Unf\u00e4lle w\u00e4hrend des Benutzens der hoteleigenen Einrichtungen oder w\u00e4hrend der Teilnahme am Animationsprogramms, eventuelle Streiks, welche die An-oder Abreise verz\u00f6gern und die nicht direkt unserem Hotelpersonal zuzuschreiben sind, oder die sich w\u00e4hrend des Aufenthaltes oder w\u00e4hrend des Transports von und zur Hotelanlage zutragen.<\/p>\n\n\n\n<p>7 W\u00c4HRUNG<\/p>\n\n\n\n<p>An der Kassse der Rezeption hat man die M\u00f6glichkeit, alle wichtigen fremdl\u00e4ndischen Geldw\u00e4hrungen in Euro zu wechseln.<\/p>\n\n\n\n<p>Es werden keine&nbsp; pers\u00f6nlichen Schecks akzeptiert, \u201cTraveller\u2019s Cheques\u201d und Euroschecks hingegen k\u00f6nnen eingel\u00f6st werden.<\/p>\n\n\n\n<p>Kreditkarten werden nur als Zahlungsmittel f\u00fcr die Begleichung der Hotelrechnung, aber NICHT zum Geldwechsel akzeptiert.<\/p>\n\n\n\n<p>8 PREISE<\/p>\n\n\n\n<p>Unsere Preise verstehen sich in Euro, pro Zimmer und Tag und beinhalten:<\/p>\n\n\n\n<p>Service, Mehrwertsteuer und alles was in der Buchungsbest\u00e4tigung angegeben ist.<\/p>\n\n\n\n<p>Halbpension beinhaltet die \u00dcbernachtung, das Fr\u00fchst\u00fcck und das Abendessen (Mittagessen ausgenommen). Die Getr\u00e4nke zu den Mahlzeiten und an den Bars sind nicht inbegriffen, au\u00dfer der \u201eAlles Inklusive\u201c Verpflegung, wo die Getr\u00e4nke zu den Mahlzeiten inbegriffen sind.<\/p>\n\n\n\n<p>9 KINDER<\/p>\n\n\n\n<p>F\u00fcr Kinder gelten Rabatte und reduzierte Tarife, wenn diese das Zimmer mit zwei vollzahlenden Erwachsenen teilen.<\/p>\n\n\n\n<p>10 HAUSTIERE<\/p>\n\n\n\n<p>Die Vierbeiner sind nur in den Standard Zimmern willkommen, sind aber im Restaurant, Wellnesszentrum, Miniclub und Kinderspielplatz nicht erlaubt.<\/p>\n\n\n\n<p>11 OVERBOOKING<\/p>\n\n\n\n<p>Im Fall von \u00dcberbuchung verpflichtet sich PARC HOTELS ITALIA, den Gast sofort dar\u00fcber zu informieren und :<\/p>\n\n\n\n<ol class=\"wp-block-list\" type=\"a\"><li>Eine gleichwertige oder h\u00f6here Unterbringung als die urspr\u00fcnglich gebuchte zu finden<\/li><li>Eventuell einen Transport zum neuen Quartier zu organisieren<\/li><li>Dem Gast zu erm\u00f6glichen, eine telefonische R\u00fccksprache mit der Alternativunterkunft zu halten<\/li><\/ol>\n\n\n\n<p>12 ANZAHLUNG<\/p>\n\n\n\n<p>Im Fall von h\u00f6herer Gewalt und \u00dcberbuchung, die das Hotel vom Reservierungsversprechen entbinden, verpflichtet sich PARC HOTELS ITALIA, wie vom Artikel 1385 des Gesetzbuches vorgesehen, bis zum doppelten des geleisteten Anzahlungsbetrags&nbsp; zur\u00fcckzuerstatten. Der Gast hat in diesem Fall keinen weiteren Anspruch auf Schadensersatz.<\/p>\n\n\n\n<p>13 BESCHWERDEN UND R\u00dcCKERSTATTUNGSANFRAGE<\/p>\n\n\n\n<p>Beschwerden m\u00fcssen dem Hotel unverz\u00fcglich gemeldet werden, damit die Direktion umgehend reagieren kann.<\/p>\n\n\n\n<p>14 WEITERE PUNKTE UND BEDINGUNGEN<\/p>\n\n\n\n<p>F\u00fcr alle weiteren Punkte und Bedingungen, die nicht ausdr\u00fccklich in der aktuellen Policy angef\u00fchrt sind, wie&nbsp; zum Beispiel Check-in und Check-out \u2013Zeiten, besondere Arrangements ect. ist einzig die Reservierungsbest\u00e4tigung ma\u03b2gebend, als erforderliches Dokument, um alle reservierten<\/p>\n\n\n\n<p>Serviceleistungen in Anspruch nehmen zu k\u00f6nnen.<\/p>\n\n\n\n<p><a href=\"https:\/\/www.care4uhotel.com\/it\/polizza\/care4uhotel\"><\/a><\/p>\n","protected":false},"excerpt":{"rendered":"<p>GESCH\u00c4FTSPOLITIK 1 ANZAHLUNG\/GARANTIE Bei der Buchungsbest\u04d3tigung werden von PARC HOTELS ITALIA keine aufladbaren Kreditkarten akzeptiert, sondern : Eine Bank\u00fcberweisung innerhalb von 10 Tagen nach Buchung im Wert der ersten Nacht des Aufenthalts ODER Die Daten einer Kreditkarte (es wird nochmals darauf aufmerksam gemacht, dass aufladbare Karten nicht akzeptiert werden). Parc Hotels Italia \u03cbberpr\u03cbft im Rahmen [&hellip;]<\/p>\n","protected":false},"author":1,"featured_media":0,"parent":0,"menu_order":0,"comment_status":"closed","ping_status":"closed","template":"page-politicacommerciale.php","meta":{"_acf_changed":false,"footnotes":""},"class_list":["post-5917","page","type-page","status-publish","hentry"],"acf":[],"yoast_head":"<!-- This site is optimized with the Yoast SEO plugin v18.0 - https:\/\/yoast.com\/wordpress\/plugins\/seo\/ -->\n<title>Verkaufspolitik - dimarohotel<\/title>\n<meta name=\"robots\" content=\"index, follow, max-snippet:-1, max-image-preview:large, max-video-preview:-1\" \/>\n<link rel=\"canonical\" href=\"https:\/\/dimarohotel.parchotels.it\/de\/verkaufspolitik\/\" \/>\n<meta property=\"og:locale\" content=\"de_DE\" \/>\n<meta property=\"og:type\" content=\"article\" \/>\n<meta property=\"og:title\" content=\"Verkaufspolitik - dimarohotel\" \/>\n<meta property=\"og:description\" content=\"GESCH\u00c4FTSPOLITIK 1 ANZAHLUNG\/GARANTIE Bei der Buchungsbest\u04d3tigung werden von PARC HOTELS ITALIA keine aufladbaren Kreditkarten akzeptiert, sondern : Eine Bank\u00fcberweisung innerhalb von 10 Tagen nach Buchung im Wert der ersten Nacht des Aufenthalts ODER Die Daten einer Kreditkarte (es wird nochmals darauf aufmerksam gemacht, dass aufladbare Karten nicht akzeptiert werden). Parc Hotels Italia \u03cbberpr\u03cbft im Rahmen [&hellip;]\" \/>\n<meta property=\"og:url\" content=\"https:\/\/dimarohotel.parchotels.it\/de\/verkaufspolitik\/\" \/>\n<meta property=\"og:site_name\" content=\"dimarohotel\" \/>\n<meta property=\"article:modified_time\" content=\"2022-01-28T18:18:11+00:00\" \/>\n<meta name=\"twitter:card\" content=\"summary_large_image\" \/>\n<meta name=\"twitter:label1\" content=\"Gesch\u00e4tzte Lesezeit\" \/>\n\t<meta name=\"twitter:data1\" content=\"5\u00a0Minuten\" \/>\n<script type=\"application\/ld+json\" class=\"yoast-schema-graph\">{\"@context\":\"https:\/\/schema.org\",\"@graph\":[{\"@type\":\"WebSite\",\"@id\":\"https:\/\/dimarohotel.parchotels.it\/#website\",\"url\":\"https:\/\/dimarohotel.parchotels.it\/\",\"name\":\"dimarohotel\",\"description\":\"Un nuovo sito targato WordPress\",\"potentialAction\":[{\"@type\":\"SearchAction\",\"target\":{\"@type\":\"EntryPoint\",\"urlTemplate\":\"https:\/\/dimarohotel.parchotels.it\/?s={search_term_string}\"},\"query-input\":\"required name=search_term_string\"}],\"inLanguage\":\"de\"},{\"@type\":\"WebPage\",\"@id\":\"https:\/\/dimarohotel.parchotels.it\/de\/verkaufspolitik\/#webpage\",\"url\":\"https:\/\/dimarohotel.parchotels.it\/de\/verkaufspolitik\/\",\"name\":\"Verkaufspolitik - dimarohotel\",\"isPartOf\":{\"@id\":\"https:\/\/dimarohotel.parchotels.it\/#website\"},\"datePublished\":\"2022-01-28T17:48:00+00:00\",\"dateModified\":\"2022-01-28T18:18:11+00:00\",\"breadcrumb\":{\"@id\":\"https:\/\/dimarohotel.parchotels.it\/de\/verkaufspolitik\/#breadcrumb\"},\"inLanguage\":\"de\",\"potentialAction\":[{\"@type\":\"ReadAction\",\"target\":[\"https:\/\/dimarohotel.parchotels.it\/de\/verkaufspolitik\/\"]}]},{\"@type\":\"BreadcrumbList\",\"@id\":\"https:\/\/dimarohotel.parchotels.it\/de\/verkaufspolitik\/#breadcrumb\",\"itemListElement\":[{\"@type\":\"ListItem\",\"position\":1,\"name\":\"Home\",\"item\":\"https:\/\/dimarohotel.parchotels.it\/de\/\"},{\"@type\":\"ListItem\",\"position\":2,\"name\":\"Verkaufspolitik\"}]}]}<\/script>\n<!-- \/ Yoast SEO plugin. -->","yoast_head_json":{"title":"Verkaufspolitik - dimarohotel","robots":{"index":"index","follow":"follow","max-snippet":"max-snippet:-1","max-image-preview":"max-image-preview:large","max-video-preview":"max-video-preview:-1"},"canonical":"https:\/\/dimarohotel.parchotels.it\/de\/verkaufspolitik\/","og_locale":"de_DE","og_type":"article","og_title":"Verkaufspolitik - dimarohotel","og_description":"GESCH\u00c4FTSPOLITIK 1 ANZAHLUNG\/GARANTIE Bei der Buchungsbest\u04d3tigung werden von PARC HOTELS ITALIA keine aufladbaren Kreditkarten akzeptiert, sondern : Eine Bank\u00fcberweisung innerhalb von 10 Tagen nach Buchung im Wert der ersten Nacht des Aufenthalts ODER Die Daten einer Kreditkarte (es wird nochmals darauf aufmerksam gemacht, dass aufladbare Karten nicht akzeptiert werden). Parc Hotels Italia \u03cbberpr\u03cbft im Rahmen [&hellip;]","og_url":"https:\/\/dimarohotel.parchotels.it\/de\/verkaufspolitik\/","og_site_name":"dimarohotel","article_modified_time":"2022-01-28T18:18:11+00:00","twitter_card":"summary_large_image","twitter_misc":{"Gesch\u00e4tzte Lesezeit":"5\u00a0Minuten"},"schema":{"@context":"https:\/\/schema.org","@graph":[{"@type":"WebSite","@id":"https:\/\/dimarohotel.parchotels.it\/#website","url":"https:\/\/dimarohotel.parchotels.it\/","name":"dimarohotel","description":"Un nuovo sito targato WordPress","potentialAction":[{"@type":"SearchAction","target":{"@type":"EntryPoint","urlTemplate":"https:\/\/dimarohotel.parchotels.it\/?s={search_term_string}"},"query-input":"required name=search_term_string"}],"inLanguage":"de"},{"@type":"WebPage","@id":"https:\/\/dimarohotel.parchotels.it\/de\/verkaufspolitik\/#webpage","url":"https:\/\/dimarohotel.parchotels.it\/de\/verkaufspolitik\/","name":"Verkaufspolitik - dimarohotel","isPartOf":{"@id":"https:\/\/dimarohotel.parchotels.it\/#website"},"datePublished":"2022-01-28T17:48:00+00:00","dateModified":"2022-01-28T18:18:11+00:00","breadcrumb":{"@id":"https:\/\/dimarohotel.parchotels.it\/de\/verkaufspolitik\/#breadcrumb"},"inLanguage":"de","potentialAction":[{"@type":"ReadAction","target":["https:\/\/dimarohotel.parchotels.it\/de\/verkaufspolitik\/"]}]},{"@type":"BreadcrumbList","@id":"https:\/\/dimarohotel.parchotels.it\/de\/verkaufspolitik\/#breadcrumb","itemListElement":[{"@type":"ListItem","position":1,"name":"Home","item":"https:\/\/dimarohotel.parchotels.it\/de\/"},{"@type":"ListItem","position":2,"name":"Verkaufspolitik"}]}]}},"_links":{"self":[{"href":"https:\/\/dimarohotel.parchotels.it\/de\/wp-json\/wp\/v2\/pages\/5917","targetHints":{"allow":["GET"]}}],"collection":[{"href":"https:\/\/dimarohotel.parchotels.it\/de\/wp-json\/wp\/v2\/pages"}],"about":[{"href":"https:\/\/dimarohotel.parchotels.it\/de\/wp-json\/wp\/v2\/types\/page"}],"author":[{"embeddable":true,"href":"https:\/\/dimarohotel.parchotels.it\/de\/wp-json\/wp\/v2\/users\/1"}],"replies":[{"embeddable":true,"href":"https:\/\/dimarohotel.parchotels.it\/de\/wp-json\/wp\/v2\/comments?post=5917"}],"version-history":[{"count":5,"href":"https:\/\/dimarohotel.parchotels.it\/de\/wp-json\/wp\/v2\/pages\/5917\/revisions"}],"predecessor-version":[{"id":5941,"href":"https:\/\/dimarohotel.parchotels.it\/de\/wp-json\/wp\/v2\/pages\/5917\/revisions\/5941"}],"wp:attachment":[{"href":"https:\/\/dimarohotel.parchotels.it\/de\/wp-json\/wp\/v2\/media?parent=5917"}],"curies":[{"name":"wp","href":"https:\/\/api.w.org\/{rel}","templated":true}]}}